{"id":13670,"date":"2021-09-05T16:08:22","date_gmt":"2021-09-05T16:08:22","guid":{"rendered":"http:\/\/localhost\/logonit\/?page_id=3"},"modified":"2024-04-25T16:36:22","modified_gmt":"2024-04-25T22:36:22","slug":"aviso-de-privacidad","status":"publish","type":"page","link":"https:\/\/coacharte.mx\/en\/aviso-de-privacidad\/","title":{"rendered":"Privacy Notice"},"content":{"rendered":"<div data-elementor-type=\"wp-page\" data-elementor-id=\"13670\" class=\"elementor elementor-13670\" data-elementor-post-type=\"page\">\n\t\t\t\t<div class=\"elementor-element elementor-element-7a0c9a2e e-flex e-con-boxed e-con e-parent\" data-id=\"7a0c9a2e\" data-element_type=\"container\" data-settings=\"{&quot;content_width&quot;:&quot;boxed&quot;}\" data-core-v316-plus=\"true\">\n\t\t\t\t\t<div class=\"e-con-inner\">\n\t\t\t\t<div class=\"elementor-element elementor-element-6a451403 elementor-widget elementor-widget-text-editor\" data-id=\"6a451403\" data-element_type=\"widget\" data-widget_type=\"text-editor.default\">\n\t\t\t\t<div class=\"elementor-widget-container\">\n\t\t\t<style>\/*! elementor - v3.19.0 - 28-02-2024 *\/\n.elementor-widget-text-editor.elementor-drop-cap-view-stacked .elementor-drop-cap{background-color:#69727d;color:#fff}.elementor-widget-text-editor.elementor-drop-cap-view-framed .elementor-drop-cap{color:#69727d;border:3px solid;background-color:transparent}.elementor-widget-text-editor:not(.elementor-drop-cap-view-default) .elementor-drop-cap{margin-top:8px}.elementor-widget-text-editor:not(.elementor-drop-cap-view-default) .elementor-drop-cap-letter{width:1em;height:1em}.elementor-widget-text-editor .elementor-drop-cap{float:left;text-align:center;line-height:1;font-size:50px}.elementor-widget-text-editor .elementor-drop-cap-letter{display:inline-block}<\/style>\t\t\t\t<p><span style=\"font-weight: 400;\">In <\/span><b>COACHARTE SC<\/b><span style=\"font-weight: 400;\"> con domicilio Campi\u00f1a 23, Lomas de Bellavista, Atizap\u00e1n de Zaragoza Cd L\u00f3pez Mateos, Edo de M\u00e9xico 52994 , los datos personales de nuestros empleados son tratados de forma estrictamente\u00a0 privada y confidencial, por lo que la obtenci\u00f3n, tratamiento, transferencia y ejercicio de los derechos derivados de dichos datos personales, se hace mediante un uso adecuado, leg\u00edtimo y l\u00edcito, salvaguardando permanentemente los principios de licitud, consentimiento, calidad, informaci\u00f3n, proporcionalidad y responsabilidad.<\/span><\/p>\n<p>\u00a0<\/p>\n<p><b>OBTENCI\u00d3N DE DATOS PERSONALES Y SUS FINALIDADES<\/b><\/p>\n<p>\u00a0<\/p>\n<p><span style=\"font-weight: 400;\">In <\/span><b>COACHARTE SC<\/b><span style=\"font-weight: 400;\"> estamos comprometidos con salvaguardar la privacidad de sus datos personales y mantener una relaci\u00f3n estrecha y activa con nuestros empleados. Por ello, al proporcionar sus datos personales, pudiendo \u00e9stos ser o no clasificados como datos sensibles, incluyendo en forma enunciativa m\u00e1s no limitativa: (i) el nombre, (ii) el domicilio, (iii) el correo electr\u00f3nico, (iv) el n\u00famero telef\u00f3nico, (v) informaci\u00f3n socioecon\u00f3mica y\/o patrimonial, (vi) estado civil, (vii) referencias personales, (viii) historial acad\u00e9mico y\/o profesional, (ix) perfil psicol\u00f3gico; y (x) estado de salud y tipo sangu\u00edneo; se garantiza un tratamiento dentro y fuera de la Rep\u00fablica Mexicana, ya sea directa o indirectamente a trav\u00e9s de <\/span><b>COACHARTE SC<\/b><span style=\"font-weight: 400;\">, sus subsidiarias, afiliadas o relacionadas y sus terceros proveedores de servicios o clientes con quienes tiene una relaci\u00f3n jur\u00eddica, as\u00ed como en su caso, con autoridades\u00a0 competentes, para las siguientes finalidades:<\/span><\/p>\n<p>\u00a0<\/p>\n<ul>\n<li style=\"font-weight: 400;\" aria-level=\"1\"><span style=\"font-weight: 400;\">Evaluaci\u00f3n de su candidatura a una vacante en <\/span><b>COACHARTE SC<\/b><span style=\"font-weight: 400;\">, incluyendo su participaci\u00f3n en el proceso de reclutamiento, selecci\u00f3n y, en su caso, llevar a cabo la contrataci\u00f3n como empleado.<\/span><\/li>\n<li style=\"font-weight: 400;\" aria-level=\"1\"><span style=\"font-weight: 400;\">Cualquier procedimiento interno que requiera su informaci\u00f3n al ser empleado de <\/span><b>COACHARTE SC<\/b><span style=\"font-weight: 400;\">, incluyendo sin limitaci\u00f3n la administraci\u00f3n de la n\u00f3mina, emisi\u00f3n de constancias de trabajo y sueldos, auditorias internas.<\/span><\/li>\n<li style=\"font-weight: 400;\" aria-level=\"1\"><span style=\"font-weight: 400;\">Dar cumplimiento a las prestaciones laborales a las que se tiene derecho en virtud de la relaci\u00f3n laboral, as\u00ed como cualquier apoyo que pudiera otorgarse al empleado sin ser \u00e9ste una prestaci\u00f3n laboral.<\/span><\/li>\n<\/ul>\n<p>\u00a0<\/p>\n<p><span style=\"font-weight: 400;\">Los datos personales que usted proporcione a <\/span><b>COACHARTE SC<\/b><span style=\"font-weight: 400;\"> ser\u00e1n tratados exclusivamente para la finalidad descrita y se les tratar\u00e1 de forma confidencial y exclusivamente en la medida en que \u00e9stos sean estrictamente necesarios para cumplir la finalidad para la cual hubieren sido recabados. Sus datos personales no ser\u00e1n tratados con fines de mercadeo o de prospecci\u00f3n comercial.<\/span><\/p>\n<p>\u00a0<\/p>\n<p><span style=\"font-weight: 400;\">Para prevenir el acceso no autorizado a sus datos personales y con el fin de asegurar que la informaci\u00f3n sea utilizada para los fines establecidos en este aviso de privacidad, hemos implementado procedimientos f\u00edsicos, electr\u00f3nicos y administrativos, utilizando tecnolog\u00edas\u00a0 avanzadas que limitan el uso o divulgaci\u00f3n de sus datos, permiti\u00e9ndonos tratarlos debidamente y prohibiendo extraer de las oficinas de <\/span><b>COACHARTE SC<\/b><span style=\"font-weight: 400;\"> de forma no autorizada cualquier tipo de informaci\u00f3n que contenga datos personales.<\/span><\/p>\n<p>\u00a0<\/p>\n<p><b>MECANISMOS Y PROCEDIMIENTOS PARA LA REVOCACI\u00d3N DEL CONSENTIMIENTO AL TRATAMIENTO DE DATOS PERSONALES Y EJERCICIO DE DERECHOS ARCO<\/b><\/p>\n<p>\u00a0<\/p>\n<p><span style=\"font-weight: 400;\">En todo momento usted podr\u00e1 revocar el consentimiento que nos ha otorgado para el tratamiento de sus datos personales, a fin de que dejemos de hacer uso de los mismos, de igual forma tiene el derecho de conocer qu\u00e9 datos personales mantiene <\/span><b>COACHARTE SC<\/b><span style=\"font-weight: 400;\">, as\u00ed como a rectificarlos en caso de ser inexactos, o instruirnos a cancelarlos cuando estos resulten excesivos o innecesarios para las finalidades descritas que justificaron su obtenci\u00f3n, o bien solicitar la limitaci\u00f3n de su uso para fines espec\u00edficos en los casos en que la Ley as\u00ed lo permita.\u00a0<\/span><\/p>\n<p>\u00a0<\/p>\n<p><span style=\"font-weight: 400;\">Para ejercer los derechos conforme lo mencionado en el p\u00e1rrafo anterior, deber\u00e1 acudir a la recepci\u00f3n de nuestras oficinas y solicitar el \u201cFormato de solicitud de derechos ARCO\u201d que hemos puesto a su disposici\u00f3n, acompa\u00f1ando a dicha solicitud los documentos que acrediten su identidad, o en su caso quien legalmente le represente.\u00a0<\/span><\/p>\n<p><br \/><br \/><\/p>\n<p><b>COACHARTE SC<\/b><span style=\"font-weight: 400;\"> atender\u00e1 su petici\u00f3n en los tiempos estipulados en las leyes aplicables y le informar\u00e1 de las consecuencias que deban producirse con motivo de su oposici\u00f3n. Si considera que no ha recibido una respuesta o bien la respuesta que se le dio no es satisfactoria, usted tiene el derecho de acudir al Instituto Federal de Acceso a la Informaci\u00f3n y Protecci\u00f3n de Datos (IFAI) a presentar una solicitud de protecci\u00f3n de datos dentro de los quince d\u00edas siguientes a la fecha en que present\u00f3 su solicitud a <\/span><b>COACHARTE SC<\/b><span style=\"font-weight: 400;\"> o bien de la respuesta que hubi\u00e9semos dado a la misma.<\/span><\/p>\n<p>\u00a0<\/p>\n<p><b>TRANSFERENCIA DE DATOS PERSONALES<\/b><\/p>\n<p>\u00a0<\/p>\n<p><span style=\"font-weight: 400;\">Por medio de este aviso de privacidad, usted est\u00e1 autorizando a <\/span><b>COACHARTE SC<\/b><span style=\"font-weight: 400;\"> para transferir datos personales a terceros nacionales o extranjeros, tales como a sus subsidiarias, afiliadas o relacionadas, clientes con los que se tenga una relaci\u00f3n jur\u00eddica y proveedores de servicios, para las siguientes finalidades:<\/span><\/p>\n<p>\u00a0<\/p>\n<ul>\n<li style=\"font-weight: 400;\" aria-level=\"1\"><span style=\"font-weight: 400;\">Para la asesor\u00eda o prestaci\u00f3n de servicios en materia contable, legal, fiscal, de administraci\u00f3n de n\u00f3mina, de estudios socioecon\u00f3micos, de seguros y de seguridad social, seg\u00fan sea el caso de la relaci\u00f3n laboral.<\/span><\/li>\n<li style=\"font-weight: 400;\" aria-level=\"1\"><span style=\"font-weight: 400;\">Para el cumplimiento de las prestaciones laborales pactadas previamente en virtud de la relaci\u00f3n laboral, tales como vales de despensa y seguros de gastos m\u00e9dicos mayores o menores y seguro de vida, seg\u00fan sea el caso de la relaci\u00f3n laboral.<\/span><\/li>\n<\/ul>\n<p>\u00a0<\/p>\n<p><span style=\"font-weight: 400;\">Por lo anterior, agradeceremos su consentimiento expreso seleccionando solamente una opci\u00f3n de las siguientes:<\/span><\/p>\n<p>\u00a0<\/p>\n<p><span style=\"font-weight: 400;\">[ \u00a0 ]\u00a0 Si doy mi consentimiento para la transferencia de mis datos conforme al presente aviso de privacidad.<\/span><\/p>\n<p><span style=\"font-weight: 400;\">[ \u00a0 ]\u00a0 No doy mi consentimiento para la transferencia de mis datos conforme al presente aviso de privacidad.<\/span><\/p>\n<p>\u00a0<\/p>\n<p><b>MODIFICACIONES AL AVISO DE PRIVACIDAD<\/b><\/p>\n<p>\u00a0<\/p>\n<p><span style=\"font-weight: 400;\">Este aviso de privacidad podr\u00e1 ser modificado o actualizado de tiempo en tiempo por <\/span><b>COACHARTE SC<\/b><span style=\"font-weight: 400;\">. Dichas modificaciones ser\u00e1n informadas a trav\u00e9s del \u00faltimo correo electr\u00f3nico con que contemos y ser\u00e1n publicadas dentro de nuestras instalaciones.<\/span><\/p>\n<p>\u00a0<\/p>\n<p><span style=\"font-weight: 400;\">Fecha de \u00faltima actualizaci\u00f3n:\u00a0 abril de 2024.<\/span><\/p>\t\t\t\t\t\t<\/div>\n\t\t\t\t<\/div>\n\t\t\t\t\t<\/div>\n\t\t\t\t<\/div>\n\t\t\t\t<\/div>","protected":false},"excerpt":{"rendered":"<p>En COACHARTE SC con domicilio Campi\u00f1a 23, Lomas de Bellavista, Atizap\u00e1n de Zaragoza Cd L\u00f3pez Mateos, Edo de M\u00e9xico 52994 , los datos personales de nuestros empleados son tratados de forma estrictamente\u00a0 privada y confidencial, por lo que la obtenci\u00f3n, tratamiento, transferencia y ejercicio de los derechos derivados de dichos datos personales, se hace mediante [&hellip;]<\/p>","protected":false},"author":25,"featured_media":0,"parent":0,"menu_order":0,"comment_status":"closed","ping_status":"closed","template":"","meta":{"footnotes":""},"class_list":["post-13670","page","type-page","status-publish","hentry"],"yoast_head":"<!-- This site is optimized with the Yoast SEO plugin v22.2 - https:\/\/yoast.com\/wordpress\/plugins\/seo\/ -->\n<title>Aviso de privacidad - Coacharte<\/title>\n<meta name=\"robots\" content=\"index, follow, max-snippet:-1, max-image-preview:large, max-video-preview:-1\" \/>\n<link rel=\"canonical\" href=\"https:\/\/coacharte.mx\/en\/aviso-de-privacidad\/\" \/>\n<meta property=\"og:locale\" content=\"en_US\" \/>\n<meta property=\"og:type\" content=\"article\" \/>\n<meta property=\"og:title\" content=\"Aviso de privacidad - Coacharte\" \/>\n<meta property=\"og:description\" content=\"En COACHARTE SC con domicilio Campi\u00f1a 23, Lomas de Bellavista, Atizap\u00e1n de Zaragoza Cd L\u00f3pez Mateos, Edo de M\u00e9xico 52994 , los datos personales de nuestros empleados son tratados de forma estrictamente\u00a0 privada y confidencial, por lo que la obtenci\u00f3n, tratamiento, transferencia y ejercicio de los derechos derivados de dichos datos personales, se hace mediante [&hellip;]\" \/>\n<meta property=\"og:url\" content=\"https:\/\/coacharte.mx\/en\/aviso-de-privacidad\/\" \/>\n<meta property=\"og:site_name\" content=\"Coacharte\" \/>\n<meta property=\"article:publisher\" content=\"https:\/\/www.facebook.com\/CoacharteMX\" \/>\n<meta property=\"article:modified_time\" content=\"2024-04-25T22:36:22+00:00\" \/>\n<meta name=\"twitter:card\" content=\"summary_large_image\" \/>\n<meta name=\"twitter:site\" content=\"@Coacharte1\" \/>\n<meta name=\"twitter:label1\" content=\"Est. reading time\" \/>\n\t<meta name=\"twitter:data1\" content=\"5 minutes\" \/>\n<script type=\"application\/ld+json\" class=\"yoast-schema-graph\">{\"@context\":\"https:\/\/schema.org\",\"@graph\":[{\"@type\":\"WebPage\",\"@id\":\"https:\/\/coacharte.mx\/aviso-de-privacidad\/\",\"url\":\"https:\/\/coacharte.mx\/aviso-de-privacidad\/\",\"name\":\"Aviso de privacidad - Coacharte\",\"isPartOf\":{\"@id\":\"https:\/\/coacharte.mx\/#website\"},\"datePublished\":\"2021-09-05T16:08:22+00:00\",\"dateModified\":\"2024-04-25T22:36:22+00:00\",\"breadcrumb\":{\"@id\":\"https:\/\/coacharte.mx\/aviso-de-privacidad\/#breadcrumb\"},\"inLanguage\":\"en-US\",\"potentialAction\":[{\"@type\":\"ReadAction\",\"target\":[\"https:\/\/coacharte.mx\/aviso-de-privacidad\/\"]}]},{\"@type\":\"BreadcrumbList\",\"@id\":\"https:\/\/coacharte.mx\/aviso-de-privacidad\/#breadcrumb\",\"itemListElement\":[{\"@type\":\"ListItem\",\"position\":1,\"name\":\"Portada\",\"item\":\"https:\/\/coacharte.mx\/\"},{\"@type\":\"ListItem\",\"position\":2,\"name\":\"Aviso de privacidad\"}]},{\"@type\":\"WebSite\",\"@id\":\"https:\/\/coacharte.mx\/#website\",\"url\":\"https:\/\/coacharte.mx\/\",\"name\":\"Coacharte\",\"description\":\"Ayudamos a alcanzar objetivos.\",\"publisher\":{\"@id\":\"https:\/\/coacharte.mx\/#organization\"},\"potentialAction\":[{\"@type\":\"SearchAction\",\"target\":{\"@type\":\"EntryPoint\",\"urlTemplate\":\"https:\/\/coacharte.mx\/?s={search_term_string}\"},\"query-input\":\"required name=search_term_string\"}],\"inLanguage\":\"en-US\"},{\"@type\":\"Organization\",\"@id\":\"https:\/\/coacharte.mx\/#organization\",\"name\":\"Coacharte S.C.\",\"url\":\"https:\/\/coacharte.mx\/\",\"logo\":{\"@type\":\"ImageObject\",\"inLanguage\":\"en-US\",\"@id\":\"https:\/\/coacharte.mx\/#\/schema\/logo\/image\/\",\"url\":\"https:\/\/coacharte.mx\/wp-content\/uploads\/2022\/12\/COARCARTE_LOGO_PRINCIPAL.png\",\"contentUrl\":\"https:\/\/coacharte.mx\/wp-content\/uploads\/2022\/12\/COARCARTE_LOGO_PRINCIPAL.png\",\"width\":8001,\"height\":4501,\"caption\":\"Coacharte S.C.\"},\"image\":{\"@id\":\"https:\/\/coacharte.mx\/#\/schema\/logo\/image\/\"},\"sameAs\":[\"https:\/\/www.facebook.com\/CoacharteMX\",\"https:\/\/twitter.com\/Coacharte1\",\"https:\/\/instagram.com\/coacharte2022\/\",\"https:\/\/linkedin.com\/company\/coacharte\/\"]}]}<\/script>\n<!-- \/ Yoast SEO plugin. -->","yoast_head_json":{"title":"Aviso de privacidad - Coacharte","robots":{"index":"index","follow":"follow","max-snippet":"max-snippet:-1","max-image-preview":"max-image-preview:large","max-video-preview":"max-video-preview:-1"},"canonical":"https:\/\/coacharte.mx\/en\/aviso-de-privacidad\/","og_locale":"en_US","og_type":"article","og_title":"Aviso de privacidad - Coacharte","og_description":"En COACHARTE SC con domicilio Campi\u00f1a 23, Lomas de Bellavista, Atizap\u00e1n de Zaragoza Cd L\u00f3pez Mateos, Edo de M\u00e9xico 52994 , los datos personales de nuestros empleados son tratados de forma estrictamente\u00a0 privada y confidencial, por lo que la obtenci\u00f3n, tratamiento, transferencia y ejercicio de los derechos derivados de dichos datos personales, se hace mediante [&hellip;]","og_url":"https:\/\/coacharte.mx\/en\/aviso-de-privacidad\/","og_site_name":"Coacharte","article_publisher":"https:\/\/www.facebook.com\/CoacharteMX","article_modified_time":"2024-04-25T22:36:22+00:00","twitter_card":"summary_large_image","twitter_site":"@Coacharte1","twitter_misc":{"Est. reading time":"5 minutes"},"schema":{"@context":"https:\/\/schema.org","@graph":[{"@type":"WebPage","@id":"https:\/\/coacharte.mx\/aviso-de-privacidad\/","url":"https:\/\/coacharte.mx\/aviso-de-privacidad\/","name":"Aviso de privacidad - Coacharte","isPartOf":{"@id":"https:\/\/coacharte.mx\/#website"},"datePublished":"2021-09-05T16:08:22+00:00","dateModified":"2024-04-25T22:36:22+00:00","breadcrumb":{"@id":"https:\/\/coacharte.mx\/aviso-de-privacidad\/#breadcrumb"},"inLanguage":"en-US","potentialAction":[{"@type":"ReadAction","target":["https:\/\/coacharte.mx\/aviso-de-privacidad\/"]}]},{"@type":"BreadcrumbList","@id":"https:\/\/coacharte.mx\/aviso-de-privacidad\/#breadcrumb","itemListElement":[{"@type":"ListItem","position":1,"name":"Portada","item":"https:\/\/coacharte.mx\/"},{"@type":"ListItem","position":2,"name":"Aviso de privacidad"}]},{"@type":"WebSite","@id":"https:\/\/coacharte.mx\/#website","url":"https:\/\/coacharte.mx\/","name":"Coacharte","description":"Ayudamos a alcanzar objetivos.","publisher":{"@id":"https:\/\/coacharte.mx\/#organization"},"potentialAction":[{"@type":"SearchAction","target":{"@type":"EntryPoint","urlTemplate":"https:\/\/coacharte.mx\/?s={search_term_string}"},"query-input":"required name=search_term_string"}],"inLanguage":"en-US"},{"@type":"Organization","@id":"https:\/\/coacharte.mx\/#organization","name":"Coacharte S.C.","url":"https:\/\/coacharte.mx\/","logo":{"@type":"ImageObject","inLanguage":"en-US","@id":"https:\/\/coacharte.mx\/#\/schema\/logo\/image\/","url":"https:\/\/coacharte.mx\/wp-content\/uploads\/2022\/12\/COARCARTE_LOGO_PRINCIPAL.png","contentUrl":"https:\/\/coacharte.mx\/wp-content\/uploads\/2022\/12\/COARCARTE_LOGO_PRINCIPAL.png","width":8001,"height":4501,"caption":"Coacharte S.C."},"image":{"@id":"https:\/\/coacharte.mx\/#\/schema\/logo\/image\/"},"sameAs":["https:\/\/www.facebook.com\/CoacharteMX","https:\/\/twitter.com\/Coacharte1","https:\/\/instagram.com\/coacharte2022\/","https:\/\/linkedin.com\/company\/coacharte\/"]}]}},"_links":{"self":[{"href":"https:\/\/coacharte.mx\/en\/wp-json\/wp\/v2\/pages\/13670","targetHints":{"allow":["GET"]}}],"collection":[{"href":"https:\/\/coacharte.mx\/en\/wp-json\/wp\/v2\/pages"}],"about":[{"href":"https:\/\/coacharte.mx\/en\/wp-json\/wp\/v2\/types\/page"}],"author":[{"embeddable":true,"href":"https:\/\/coacharte.mx\/en\/wp-json\/wp\/v2\/users\/25"}],"replies":[{"embeddable":true,"href":"https:\/\/coacharte.mx\/en\/wp-json\/wp\/v2\/comments?post=13670"}],"version-history":[{"count":4,"href":"https:\/\/coacharte.mx\/en\/wp-json\/wp\/v2\/pages\/13670\/revisions"}],"predecessor-version":[{"id":16821,"href":"https:\/\/coacharte.mx\/en\/wp-json\/wp\/v2\/pages\/13670\/revisions\/16821"}],"wp:attachment":[{"href":"https:\/\/coacharte.mx\/en\/wp-json\/wp\/v2\/media?parent=13670"}],"curies":[{"name":"wp","href":"https:\/\/api.w.org\/{rel}","templated":true}]}}