{"id":14411,"date":"2023-01-20T06:36:58","date_gmt":"2023-01-20T06:36:58","guid":{"rendered":"https:\/\/coacharte.mx\/?page_id=14411"},"modified":"2023-11-17T15:45:54","modified_gmt":"2023-11-17T15:45:54","slug":"transformacion-cultural","status":"publish","type":"page","link":"https:\/\/coacharte.mx\/en\/cultural-transformation\/","title":{"rendered":"Cultural Transformation"},"content":{"rendered":"<div data-elementor-type=\"wp-page\" data-elementor-id=\"14411\" class=\"elementor elementor-14411\" data-elementor-post-type=\"page\">\n\t\t\t\t\t\t<section class=\"elementor-section elementor-top-section elementor-element elementor-element-fd85217 elementor-section-height-full elementor-section-boxed elementor-section-height-default elementor-section-items-middle\" data-id=\"fd85217\" data-element_type=\"section\" data-settings=\"{&quot;background_background&quot;:&quot;classic&quot;}\">\n\t\t\t\t\t\t\t<div class=\"elementor-background-overlay\"><\/div>\n\t\t\t\t\t\t\t<div class=\"elementor-container elementor-column-gap-default\">\n\t\t\t\t\t<div class=\"elementor-column elementor-col-100 elementor-top-column elementor-element elementor-element-fe74add\" data-id=\"fe74add\" data-element_type=\"column\">\n\t\t\t<div class=\"elementor-widget-wrap elementor-element-populated\">\n\t\t\t\t\t\t<div class=\"elementor-element elementor-element-7bdf0af elementor-widget elementor-widget-heading\" data-id=\"7bdf0af\" data-element_type=\"widget\" data-widget_type=\"heading.default\">\n\t\t\t\t<div class=\"elementor-widget-container\">\n\t\t\t<style>\/*! elementor - v3.19.0 - 28-02-2024 *\/\n.elementor-heading-title{padding:0;margin:0;line-height:1}.elementor-widget-heading .elementor-heading-title[class*=elementor-size-]>a{color:inherit;font-size:inherit;line-height:inherit}.elementor-widget-heading .elementor-heading-title.elementor-size-small{font-size:15px}.elementor-widget-heading .elementor-heading-title.elementor-size-medium{font-size:19px}.elementor-widget-heading .elementor-heading-title.elementor-size-large{font-size:29px}.elementor-widget-heading .elementor-heading-title.elementor-size-xl{font-size:39px}.elementor-widget-heading .elementor-heading-title.elementor-size-xxl{font-size:59px}<\/style><h1 class=\"elementor-heading-title elementor-size-default\">Transformation <span class=\"heading-blue\">Cultural<\/span><\/h1>\t\t<\/div>\n\t\t\t\t<\/div>\n\t\t\t\t\t<\/div>\n\t\t<\/div>\n\t\t\t\t\t<\/div>\n\t\t<\/section>\n\t\t<div class=\"elementor-element elementor-element-542d7ce e-flex e-con-boxed e-con e-parent\" data-id=\"542d7ce\" data-element_type=\"container\" data-settings=\"{&quot;content_width&quot;:&quot;boxed&quot;}\" data-core-v316-plus=\"true\">\n\t\t\t\t\t<div class=\"e-con-inner\">\n\t\t\t\t<div class=\"elementor-element elementor-element-3c0c125 elementor-widget elementor-widget-heading\" data-id=\"3c0c125\" data-element_type=\"widget\" data-widget_type=\"heading.default\">\n\t\t\t\t<div class=\"elementor-widget-container\">\n\t\t\t<h2 class=\"elementor-heading-title elementor-size-default\">Cultural Transformation <\/h2>\t\t<\/div>\n\t\t\t\t<\/div>\n\t\t\t\t\t<\/div>\n\t\t\t\t<\/div>\n\t\t<div class=\"elementor-element elementor-element-8f9d671 e-flex e-con-boxed e-con e-parent\" data-id=\"8f9d671\" data-element_type=\"container\" data-settings=\"{&quot;content_width&quot;:&quot;boxed&quot;}\" data-core-v316-plus=\"true\">\n\t\t\t\t\t<div class=\"e-con-inner\">\n\t\t<div class=\"elementor-element elementor-element-4d9cafb e-con-full e-flex e-con e-child\" data-id=\"4d9cafb\" data-element_type=\"container\" data-settings=\"{&quot;content_width&quot;:&quot;full&quot;}\">\n\t\t\t\t<div class=\"elementor-element elementor-element-dbdc14d elementor-widget elementor-widget-text-editor\" data-id=\"dbdc14d\" data-element_type=\"widget\" data-widget_type=\"text-editor.default\">\n\t\t\t\t<div class=\"elementor-widget-container\">\n\t\t\t<style>\/*! elementor - v3.19.0 - 28-02-2024 *\/\n.elementor-widget-text-editor.elementor-drop-cap-view-stacked .elementor-drop-cap{background-color:#69727d;color:#fff}.elementor-widget-text-editor.elementor-drop-cap-view-framed .elementor-drop-cap{color:#69727d;border:3px solid;background-color:transparent}.elementor-widget-text-editor:not(.elementor-drop-cap-view-default) .elementor-drop-cap{margin-top:8px}.elementor-widget-text-editor:not(.elementor-drop-cap-view-default) .elementor-drop-cap-letter{width:1em;height:1em}.elementor-widget-text-editor .elementor-drop-cap{float:left;text-align:center;line-height:1;font-size:50px}.elementor-widget-text-editor .elementor-drop-cap-letter{display:inline-block}<\/style>\t\t\t\t<p>Culture is the <strong>set of shared beliefs and norms<\/strong> by the members of an organization. It influences their attitude and behavior and consequently, it also affects the results obtained.<\/p><p>Therefore, Organizational Culture can be the best ally or the worst enemy to implement business strategies.<\/p><p>Companies are like living organisms in which the parts are interrelated with each other. On the one hand, we have the ORGANIZATIONAL STRUCTURE, composed of elements such as the history of the company, its processes, the hierarchical organization, systematization (IT), policies, leadership styles, performance evaluation, etc.<\/p><p>This structure impacts the ORGANIZATIONAL CULTURE, which, as we said, includes elements such as beliefs (myths, legends, taboos) and the company&#039;s values; the norms or codes of conduct and even the unwritten rules. It also shapes institutional rites and traditions.<\/p><p>The environment, the culture, the organizational system influence (and in turn are influenced by) the INDIVIDUAL SYSTEM, that is, the personality, values, interests and competencies of each collaborator, such as their knowledge, skills and attitudes. .\u00a0<\/p><p>All of this has an external manifestation: ORGANIZATIONAL BEHAVIOR, which can be detected in the way work is executed, in the interactions between individuals and departments, in the way communication flows and decisions are made. and even in how people coordinate.<\/p>\t\t\t\t\t\t<\/div>\n\t\t\t\t<\/div>\n\t\t\t\t<\/div>\n\t\t<div class=\"elementor-element elementor-element-f81eb3b e-con-full e-flex e-con e-child\" data-id=\"f81eb3b\" data-element_type=\"container\" data-settings=\"{&quot;content_width&quot;:&quot;full&quot;}\">\n\t\t\t\t<div class=\"elementor-element elementor-element-5e641af elementor-widget elementor-widget-image\" data-id=\"5e641af\" data-element_type=\"widget\" data-widget_type=\"image.default\">\n\t\t\t\t<div class=\"elementor-widget-container\">\n\t\t\t<style>\/*! elementor - v3.19.0 - 28-02-2024 *\/\n.elementor-widget-image{text-align:center}.elementor-widget-image a{display:inline-block}.elementor-widget-image a img[src$=\".svg\"]{width:48px}.elementor-widget-image img{vertical-align:middle;display:inline-block}<\/style>\t\t\t\t\t\t\t\t\t\t<img decoding=\"async\" src=\"https:\/\/coacharte.mx\/wp-content\/uploads\/elementor\/thumbs\/transformacion-cultural-qbzberfo8eseckwniqa8dctj02zcjs5siadzo72qso.webp\" title=\"cultural-transformation\" alt=\"cultural-transformation\" loading=\"lazy\" \/>\t\t\t\t\t\t\t\t\t\t\t\t\t<\/div>\n\t\t\t\t<\/div>\n\t\t\t\t<\/div>\n\t\t\t\t\t<\/div>\n\t\t\t\t<\/div>\n\t\t<div class=\"elementor-element elementor-element-97cd3a9 e-flex e-con-boxed e-con e-parent\" data-id=\"97cd3a9\" data-element_type=\"container\" data-settings=\"{&quot;content_width&quot;:&quot;boxed&quot;}\" data-core-v316-plus=\"true\">\n\t\t\t\t\t<div class=\"e-con-inner\">\n\t\t\t\t<div class=\"elementor-element elementor-element-7e0cffc elementor-widget elementor-widget-image\" data-id=\"7e0cffc\" data-element_type=\"widget\" data-widget_type=\"image.default\">\n\t\t\t\t<div class=\"elementor-widget-container\">\n\t\t\t\t\t\t\t\t\t\t\t\t\t<img fetchpriority=\"high\" decoding=\"async\" width=\"800\" height=\"343\" src=\"https:\/\/coacharte.mx\/wp-content\/uploads\/2023\/02\/Imagen-8-1024x439.png\" class=\"attachment-large size-large wp-image-14884\" alt=\"\" srcset=\"https:\/\/coacharte.mx\/wp-content\/uploads\/2023\/02\/Imagen-8-1024x439.png 1024w, https:\/\/coacharte.mx\/wp-content\/uploads\/2023\/02\/Imagen-8-300x129.png 300w, https:\/\/coacharte.mx\/wp-content\/uploads\/2023\/02\/Imagen-8-768x329.png 768w, https:\/\/coacharte.mx\/wp-content\/uploads\/2023\/02\/Imagen-8-1536x658.png 1536w, https:\/\/coacharte.mx\/wp-content\/uploads\/2023\/02\/Imagen-8-2048x878.png 2048w\" sizes=\"(max-width: 800px) 100vw, 800px\" \/>\t\t\t\t\t\t\t\t\t\t\t\t\t<\/div>\n\t\t\t\t<\/div>\n\t\t\t\t<div class=\"elementor-element elementor-element-6ac3749 elementor-widget elementor-widget-heading\" data-id=\"6ac3749\" data-element_type=\"widget\" data-widget_type=\"heading.default\">\n\t\t\t\t<div class=\"elementor-widget-container\">\n\t\t\t<h2 class=\"elementor-heading-title elementor-size-default\">A positive cultural transformation in the Culture in our company will increase the productivity, efficiency, profitability, effectiveness and quality of our products or services.<\/h2>\t\t<\/div>\n\t\t\t\t<\/div>\n\t\t\t\t\t<\/div>\n\t\t\t\t<\/div>\n\t\t<div class=\"elementor-element elementor-element-ae1c908 e-flex e-con-boxed e-con e-parent\" data-id=\"ae1c908\" data-element_type=\"container\" data-settings=\"{&quot;background_background&quot;:&quot;classic&quot;,&quot;content_width&quot;:&quot;boxed&quot;}\" data-core-v316-plus=\"true\">\n\t\t\t\t\t<div class=\"e-con-inner\">\n\t\t<div class=\"elementor-element elementor-element-c7c83b3 e-con-full e-flex e-con e-child\" data-id=\"c7c83b3\" data-element_type=\"container\" data-settings=\"{&quot;content_width&quot;:&quot;full&quot;}\">\n\t\t\t\t<div class=\"elementor-element elementor-element-c9ca3f4 elementor-widget elementor-widget-heading\" data-id=\"c9ca3f4\" data-element_type=\"widget\" data-widget_type=\"heading.default\">\n\t\t\t\t<div class=\"elementor-widget-container\">\n\t\t\t<h2 class=\"elementor-heading-title elementor-size-default\">How to achieve this change?\n<\/h2>\t\t<\/div>\n\t\t\t\t<\/div>\n\t\t\t\t<div class=\"elementor-element elementor-element-5264f8b elementor-widget elementor-widget-text-editor\" data-id=\"5264f8b\" data-element_type=\"widget\" data-widget_type=\"text-editor.default\">\n\t\t\t\t<div class=\"elementor-widget-container\">\n\t\t\t\t\t\t\t<p><b>To achieve a cultural transformation in our organization<\/b> We must focus on our business objectives and based on that, define what type of culture will help achieve them. We must understand the organization, we must be clear about how we are, what factors cause it and what we must change. Then design the desired culture taking into account the values that will guide everyone&#039;s behaviors and defining the behaviors that we are interested in promoting.<\/p><p>A Strategy will be designed that must be executed and sustained. To do this we will have to ask ourselves: how to implement the changes and generate the new culture? And then develop an activity plan, which must contemplate the alignment of sponsors, the dissemination of what you want to achieve, the awareness of all those involved, alignment of organizational mechanisms and training.\u00a0<\/p><p>It should not be forgotten that timely and open communication in both directions is an essential element in any change process.<\/p><p>Then, of course, we will have to evaluate the evolution: see the degree of progress, whether the behaviors we are looking for are being achieved or not, if the values are being assimilated.<\/p><p>Finally, it is important to emphasize that, to achieve real change, you cannot let your guard down. The actions will have to be permanent and evolutionary, always in pursuit of continuous improvement.\u00a0<\/p>\t\t\t\t\t\t<\/div>\n\t\t\t\t<\/div>\n\t\t\t\t<\/div>\n\t\t<div class=\"elementor-element elementor-element-8430c03 e-con-full e-flex e-con e-child\" data-id=\"8430c03\" data-element_type=\"container\" data-settings=\"{&quot;content_width&quot;:&quot;full&quot;}\">\n\t\t\t\t<div class=\"elementor-element elementor-element-7559d94 elementor-widget elementor-widget-image\" data-id=\"7559d94\" data-element_type=\"widget\" data-widget_type=\"image.default\">\n\t\t\t\t<div class=\"elementor-widget-container\">\n\t\t\t\t\t\t\t\t\t\t\t\t\t<img decoding=\"async\" width=\"684\" height=\"1024\" src=\"https:\/\/coacharte.mx\/wp-content\/uploads\/2023\/09\/cultura-organizacional-684x1024.webp\" class=\"attachment-large size-large wp-image-16064\" alt=\"Organizational culture\" srcset=\"https:\/\/coacharte.mx\/wp-content\/uploads\/2023\/09\/cultura-organizacional-684x1024.webp 684w, https:\/\/coacharte.mx\/wp-content\/uploads\/2023\/09\/cultura-organizacional-201x300.webp 201w, https:\/\/coacharte.mx\/wp-content\/uploads\/2023\/09\/cultura-organizacional-768x1149.webp 768w, https:\/\/coacharte.mx\/wp-content\/uploads\/2023\/09\/cultura-organizacional.webp 802w\" sizes=\"(max-width: 684px) 100vw, 684px\" \/>\t\t\t\t\t\t\t\t\t\t\t\t\t<\/div>\n\t\t\t\t<\/div>\n\t\t\t\t<\/div>\n\t\t\t\t\t<\/div>\n\t\t\t\t<\/div>\n\t\t\t\t<section class=\"elementor-section elementor-top-section elementor-element elementor-element-110f9bfe elementor-section-boxed elementor-section-height-default elementor-section-height-default\" data-id=\"110f9bfe\" data-element_type=\"section\">\n\t\t\t\t\t\t<div class=\"elementor-container elementor-column-gap-default\">\n\t\t\t\t\t<div class=\"elementor-column elementor-col-100 elementor-top-column elementor-element elementor-element-1940fab\" data-id=\"1940fab\" data-element_type=\"column\">\n\t\t\t<div class=\"elementor-widget-wrap elementor-element-populated\">\n\t\t\t\t\t\t<div class=\"elementor-element elementor-element-d01d125 elementor-arrows-position-inside elementor-pagination-position-outside elementor-widget elementor-widget-image-carousel\" data-id=\"d01d125\" data-element_type=\"widget\" data-settings=\"{&quot;autoplay_speed&quot;:3000,&quot;navigation&quot;:&quot;both&quot;,&quot;autoplay&quot;:&quot;yes&quot;,&quot;pause_on_hover&quot;:&quot;yes&quot;,&quot;pause_on_interaction&quot;:&quot;yes&quot;,&quot;infinite&quot;:&quot;yes&quot;,&quot;speed&quot;:500}\" data-widget_type=\"image-carousel.default\">\n\t\t\t\t<div class=\"elementor-widget-container\">\n\t\t\t<style>\/*! elementor - v3.19.0 - 28-02-2024 *\/\n.elementor-widget-image-carousel .swiper,.elementor-widget-image-carousel .swiper-container{position:static}.elementor-widget-image-carousel .swiper-container .swiper-slide figure,.elementor-widget-image-carousel .swiper .swiper-slide figure{line-height:inherit}.elementor-widget-image-carousel .swiper-slide{text-align:center}.elementor-image-carousel-wrapper:not(.swiper-container-initialized):not(.swiper-initialized) .swiper-slide{max-width:calc(100% \/ var(--e-image-carousel-slides-to-show, 3))}<\/style>\t\t<div class=\"elementor-image-carousel-wrapper swiper-container\" dir=\"ltr\">\n\t\t\t<div class=\"elementor-image-carousel swiper-wrapper\" aria-live=\"off\">\n\t\t\t\t\t\t\t\t<div class=\"swiper-slide\" role=\"group\" aria-roledescription=\"slide\" aria-label=\"1 of 3\"><figure class=\"swiper-slide-inner\"><img decoding=\"async\" class=\"swiper-slide-image\" src=\"https:\/\/coacharte.mx\/wp-content\/uploads\/2023\/02\/logo-h.png\" alt=\"logo-h\" \/><\/figure><\/div><div class=\"swiper-slide\" role=\"group\" aria-roledescription=\"slide\" aria-label=\"2 of 3\"><figure class=\"swiper-slide-inner\"><img decoding=\"async\" class=\"swiper-slide-image\" src=\"https:\/\/coacharte.mx\/wp-content\/uploads\/2023\/02\/logoheaderzorro.png\" alt=\"logoheaderfox\" \/><\/figure><\/div><div class=\"swiper-slide\" role=\"group\" aria-roledescription=\"slide\" aria-label=\"3 of 3\"><figure class=\"swiper-slide-inner\"><img decoding=\"async\" class=\"swiper-slide-image\" src=\"https:\/\/coacharte.mx\/wp-content\/uploads\/2023\/02\/logo.png\" alt=\"logo\" \/><\/figure><\/div>\t\t\t<\/div>\n\t\t\t\t\t\t\t\t\t\t\t\t<div class=\"elementor-swiper-button elementor-swiper-button-prev\" role=\"button\" tabindex=\"0\">\n\t\t\t\t\t\t<i aria-hidden=\"true\" class=\"eicon-chevron-left\"><\/i>\t\t\t\t\t<\/div>\n\t\t\t\t\t<div class=\"elementor-swiper-button elementor-swiper-button-next\" role=\"button\" tabindex=\"0\">\n\t\t\t\t\t\t<i aria-hidden=\"true\" class=\"eicon-chevron-right\"><\/i>\t\t\t\t\t<\/div>\n\t\t\t\t\n\t\t\t\t\t\t\t\t\t<div class=\"swiper-pagination\"><\/div>\n\t\t\t\t\t\t\t\t\t<\/div>\n\t\t\t\t<\/div>\n\t\t\t\t<\/div>\n\t\t\t\t\t<\/div>\n\t\t<\/div>\n\t\t\t\t\t<\/div>\n\t\t<\/section>\n\t\t\t\t<\/div>","protected":false},"excerpt":{"rendered":"<p>Transformaci\u00f3n Cultural Transformaci\u00f3n Cultural La cultura es el conjunto de creencias y normas compartidas por los miembros de una organizaci\u00f3n. Influye en su actitud y comportamiento y en consecuencia, incide tambi\u00e9n en los resultados obtenidos. Por lo tanto, la Cultura Organizacional puede ser el mejor aliado o el peor enemigo para implementar las estrategias de [&hellip;]<\/p>","protected":false},"author":25,"featured_media":0,"parent":0,"menu_order":0,"comment_status":"closed","ping_status":"closed","template":"","meta":{"footnotes":""},"class_list":["post-14411","page","type-page","status-publish","hentry"],"yoast_head":"<!-- This site is optimized with the Yoast SEO plugin v22.2 - https:\/\/yoast.com\/wordpress\/plugins\/seo\/ -->\n<title>Transformaci\u00f3n Cultural - Coacharte<\/title>\n<meta name=\"robots\" content=\"index, follow, max-snippet:-1, max-image-preview:large, max-video-preview:-1\" \/>\n<link rel=\"canonical\" href=\"https:\/\/coacharte.mx\/en\/cultural-transformation\/\" \/>\n<meta property=\"og:locale\" content=\"en_US\" \/>\n<meta property=\"og:type\" content=\"article\" \/>\n<meta property=\"og:title\" content=\"Transformaci\u00f3n Cultural - Coacharte\" \/>\n<meta property=\"og:description\" content=\"Transformaci\u00f3n Cultural Transformaci\u00f3n Cultural La cultura es el conjunto de creencias y normas compartidas por los miembros de una organizaci\u00f3n. Influye en su actitud y comportamiento y en consecuencia, incide tambi\u00e9n en los resultados obtenidos. Por lo tanto, la Cultura Organizacional puede ser el mejor aliado o el peor enemigo para implementar las estrategias de [&hellip;]\" \/>\n<meta property=\"og:url\" content=\"https:\/\/coacharte.mx\/en\/cultural-transformation\/\" \/>\n<meta property=\"og:site_name\" content=\"Coacharte\" \/>\n<meta property=\"article:publisher\" content=\"https:\/\/www.facebook.com\/CoacharteMX\" \/>\n<meta property=\"article:modified_time\" content=\"2023-11-17T15:45:54+00:00\" \/>\n<meta property=\"og:image\" content=\"https:\/\/coacharte.mx\/wp-content\/uploads\/elementor\/thumbs\/transformacion-cultural-qbzberfo8eseckwniqa8dctj02zcjs5siadzo72qso.webp\" \/>\n<meta name=\"twitter:card\" content=\"summary_large_image\" \/>\n<meta name=\"twitter:site\" content=\"@Coacharte1\" \/>\n<meta name=\"twitter:label1\" content=\"Est. reading time\" \/>\n\t<meta name=\"twitter:data1\" content=\"5 minutes\" \/>\n<script type=\"application\/ld+json\" class=\"yoast-schema-graph\">{\"@context\":\"https:\/\/schema.org\",\"@graph\":[{\"@type\":\"WebPage\",\"@id\":\"https:\/\/coacharte.mx\/transformacion-cultural\/\",\"url\":\"https:\/\/coacharte.mx\/transformacion-cultural\/\",\"name\":\"Transformaci\u00f3n Cultural - Coacharte\",\"isPartOf\":{\"@id\":\"https:\/\/coacharte.mx\/#website\"},\"primaryImageOfPage\":{\"@id\":\"https:\/\/coacharte.mx\/transformacion-cultural\/#primaryimage\"},\"image\":{\"@id\":\"https:\/\/coacharte.mx\/transformacion-cultural\/#primaryimage\"},\"thumbnailUrl\":\"https:\/\/coacharte.mx\/wp-content\/uploads\/elementor\/thumbs\/transformacion-cultural-qbzberfo8eseckwniqa8dctj02zcjs5siadzo72qso.webp\",\"datePublished\":\"2023-01-20T06:36:58+00:00\",\"dateModified\":\"2023-11-17T15:45:54+00:00\",\"breadcrumb\":{\"@id\":\"https:\/\/coacharte.mx\/transformacion-cultural\/#breadcrumb\"},\"inLanguage\":\"en-US\",\"potentialAction\":[{\"@type\":\"ReadAction\",\"target\":[\"https:\/\/coacharte.mx\/transformacion-cultural\/\"]}]},{\"@type\":\"ImageObject\",\"inLanguage\":\"en-US\",\"@id\":\"https:\/\/coacharte.mx\/transformacion-cultural\/#primaryimage\",\"url\":\"https:\/\/coacharte.mx\/wp-content\/uploads\/elementor\/thumbs\/transformacion-cultural-qbzberfo8eseckwniqa8dctj02zcjs5siadzo72qso.webp\",\"contentUrl\":\"https:\/\/coacharte.mx\/wp-content\/uploads\/elementor\/thumbs\/transformacion-cultural-qbzberfo8eseckwniqa8dctj02zcjs5siadzo72qso.webp\"},{\"@type\":\"BreadcrumbList\",\"@id\":\"https:\/\/coacharte.mx\/transformacion-cultural\/#breadcrumb\",\"itemListElement\":[{\"@type\":\"ListItem\",\"position\":1,\"name\":\"Portada\",\"item\":\"https:\/\/coacharte.mx\/\"},{\"@type\":\"ListItem\",\"position\":2,\"name\":\"Transformaci\u00f3n Cultural\"}]},{\"@type\":\"WebSite\",\"@id\":\"https:\/\/coacharte.mx\/#website\",\"url\":\"https:\/\/coacharte.mx\/\",\"name\":\"Coacharte\",\"description\":\"Ayudamos a alcanzar objetivos.\",\"publisher\":{\"@id\":\"https:\/\/coacharte.mx\/#organization\"},\"potentialAction\":[{\"@type\":\"SearchAction\",\"target\":{\"@type\":\"EntryPoint\",\"urlTemplate\":\"https:\/\/coacharte.mx\/?s={search_term_string}\"},\"query-input\":\"required name=search_term_string\"}],\"inLanguage\":\"en-US\"},{\"@type\":\"Organization\",\"@id\":\"https:\/\/coacharte.mx\/#organization\",\"name\":\"Coacharte S.C.\",\"url\":\"https:\/\/coacharte.mx\/\",\"logo\":{\"@type\":\"ImageObject\",\"inLanguage\":\"en-US\",\"@id\":\"https:\/\/coacharte.mx\/#\/schema\/logo\/image\/\",\"url\":\"https:\/\/coacharte.mx\/wp-content\/uploads\/2022\/12\/COARCARTE_LOGO_PRINCIPAL.png\",\"contentUrl\":\"https:\/\/coacharte.mx\/wp-content\/uploads\/2022\/12\/COARCARTE_LOGO_PRINCIPAL.png\",\"width\":8001,\"height\":4501,\"caption\":\"Coacharte S.C.\"},\"image\":{\"@id\":\"https:\/\/coacharte.mx\/#\/schema\/logo\/image\/\"},\"sameAs\":[\"https:\/\/www.facebook.com\/CoacharteMX\",\"https:\/\/twitter.com\/Coacharte1\",\"https:\/\/instagram.com\/coacharte2022\/\",\"https:\/\/linkedin.com\/company\/coacharte\/\"]}]}<\/script>\n<!-- \/ Yoast SEO plugin. -->","yoast_head_json":{"title":"Transformaci\u00f3n Cultural - Coacharte","robots":{"index":"index","follow":"follow","max-snippet":"max-snippet:-1","max-image-preview":"max-image-preview:large","max-video-preview":"max-video-preview:-1"},"canonical":"https:\/\/coacharte.mx\/en\/cultural-transformation\/","og_locale":"en_US","og_type":"article","og_title":"Transformaci\u00f3n Cultural - Coacharte","og_description":"Transformaci\u00f3n Cultural Transformaci\u00f3n Cultural La cultura es el conjunto de creencias y normas compartidas por los miembros de una organizaci\u00f3n. Influye en su actitud y comportamiento y en consecuencia, incide tambi\u00e9n en los resultados obtenidos. Por lo tanto, la Cultura Organizacional puede ser el mejor aliado o el peor enemigo para implementar las estrategias de [&hellip;]","og_url":"https:\/\/coacharte.mx\/en\/cultural-transformation\/","og_site_name":"Coacharte","article_publisher":"https:\/\/www.facebook.com\/CoacharteMX","article_modified_time":"2023-11-17T15:45:54+00:00","og_image":[{"url":"https:\/\/coacharte.mx\/wp-content\/uploads\/elementor\/thumbs\/transformacion-cultural-qbzberfo8eseckwniqa8dctj02zcjs5siadzo72qso.webp"}],"twitter_card":"summary_large_image","twitter_site":"@Coacharte1","twitter_misc":{"Est. reading time":"5 minutes"},"schema":{"@context":"https:\/\/schema.org","@graph":[{"@type":"WebPage","@id":"https:\/\/coacharte.mx\/transformacion-cultural\/","url":"https:\/\/coacharte.mx\/transformacion-cultural\/","name":"Transformaci\u00f3n Cultural - Coacharte","isPartOf":{"@id":"https:\/\/coacharte.mx\/#website"},"primaryImageOfPage":{"@id":"https:\/\/coacharte.mx\/transformacion-cultural\/#primaryimage"},"image":{"@id":"https:\/\/coacharte.mx\/transformacion-cultural\/#primaryimage"},"thumbnailUrl":"https:\/\/coacharte.mx\/wp-content\/uploads\/elementor\/thumbs\/transformacion-cultural-qbzberfo8eseckwniqa8dctj02zcjs5siadzo72qso.webp","datePublished":"2023-01-20T06:36:58+00:00","dateModified":"2023-11-17T15:45:54+00:00","breadcrumb":{"@id":"https:\/\/coacharte.mx\/transformacion-cultural\/#breadcrumb"},"inLanguage":"en-US","potentialAction":[{"@type":"ReadAction","target":["https:\/\/coacharte.mx\/transformacion-cultural\/"]}]},{"@type":"ImageObject","inLanguage":"en-US","@id":"https:\/\/coacharte.mx\/transformacion-cultural\/#primaryimage","url":"https:\/\/coacharte.mx\/wp-content\/uploads\/elementor\/thumbs\/transformacion-cultural-qbzberfo8eseckwniqa8dctj02zcjs5siadzo72qso.webp","contentUrl":"https:\/\/coacharte.mx\/wp-content\/uploads\/elementor\/thumbs\/transformacion-cultural-qbzberfo8eseckwniqa8dctj02zcjs5siadzo72qso.webp"},{"@type":"BreadcrumbList","@id":"https:\/\/coacharte.mx\/transformacion-cultural\/#breadcrumb","itemListElement":[{"@type":"ListItem","position":1,"name":"Portada","item":"https:\/\/coacharte.mx\/"},{"@type":"ListItem","position":2,"name":"Transformaci\u00f3n Cultural"}]},{"@type":"WebSite","@id":"https:\/\/coacharte.mx\/#website","url":"https:\/\/coacharte.mx\/","name":"Coacharte","description":"Ayudamos a alcanzar objetivos.","publisher":{"@id":"https:\/\/coacharte.mx\/#organization"},"potentialAction":[{"@type":"SearchAction","target":{"@type":"EntryPoint","urlTemplate":"https:\/\/coacharte.mx\/?s={search_term_string}"},"query-input":"required name=search_term_string"}],"inLanguage":"en-US"},{"@type":"Organization","@id":"https:\/\/coacharte.mx\/#organization","name":"Coacharte S.C.","url":"https:\/\/coacharte.mx\/","logo":{"@type":"ImageObject","inLanguage":"en-US","@id":"https:\/\/coacharte.mx\/#\/schema\/logo\/image\/","url":"https:\/\/coacharte.mx\/wp-content\/uploads\/2022\/12\/COARCARTE_LOGO_PRINCIPAL.png","contentUrl":"https:\/\/coacharte.mx\/wp-content\/uploads\/2022\/12\/COARCARTE_LOGO_PRINCIPAL.png","width":8001,"height":4501,"caption":"Coacharte S.C."},"image":{"@id":"https:\/\/coacharte.mx\/#\/schema\/logo\/image\/"},"sameAs":["https:\/\/www.facebook.com\/CoacharteMX","https:\/\/twitter.com\/Coacharte1","https:\/\/instagram.com\/coacharte2022\/","https:\/\/linkedin.com\/company\/coacharte\/"]}]}},"_links":{"self":[{"href":"https:\/\/coacharte.mx\/en\/wp-json\/wp\/v2\/pages\/14411","targetHints":{"allow":["GET"]}}],"collection":[{"href":"https:\/\/coacharte.mx\/en\/wp-json\/wp\/v2\/pages"}],"about":[{"href":"https:\/\/coacharte.mx\/en\/wp-json\/wp\/v2\/types\/page"}],"author":[{"embeddable":true,"href":"https:\/\/coacharte.mx\/en\/wp-json\/wp\/v2\/users\/25"}],"replies":[{"embeddable":true,"href":"https:\/\/coacharte.mx\/en\/wp-json\/wp\/v2\/comments?post=14411"}],"version-history":[{"count":37,"href":"https:\/\/coacharte.mx\/en\/wp-json\/wp\/v2\/pages\/14411\/revisions"}],"predecessor-version":[{"id":16373,"href":"https:\/\/coacharte.mx\/en\/wp-json\/wp\/v2\/pages\/14411\/revisions\/16373"}],"wp:attachment":[{"href":"https:\/\/coacharte.mx\/en\/wp-json\/wp\/v2\/media?parent=14411"}],"curies":[{"name":"wp","href":"https:\/\/api.w.org\/{rel}","templated":true}]}}